{"id":1127,"date":"2023-11-26T22:19:41","date_gmt":"2023-11-26T21:19:41","guid":{"rendered":"https:\/\/costablanca-penthouse.com\/declaracion-de-privacidad\/"},"modified":"2024-05-30T20:08:49","modified_gmt":"2024-05-30T19:08:49","slug":"declaracion-de-privacidad","status":"publish","type":"page","link":"https:\/\/costablanca-penthouse.com\/es\/declaracion-de-privacidad\/","title":{"rendered":"Declaraci\u00f3n de privacidad"},"content":{"rendered":"\n<p><strong>Declaraci\u00f3n de privacidad<\/strong><\/p>\n\n<p>Esta es la declaraci\u00f3n de privacidad de \u00abCosta Blanca Penthous\u00bb, situada en Padmosweg 174d, Wilnis. Esta declaraci\u00f3n se aplica a los servicios prestados por \u00abCosta Blanca Penthouse\u00bb. Nos comprometemos a proteger tu privacidad y tus datos personales. En esta declaraci\u00f3n, explicamos qu\u00e9 datos recogemos y c\u00f3mo los utilizamos.<\/p>\n\n<p><strong>1. Datos recogidos:<\/strong> S\u00f3lo recogemos los datos personales necesarios para prestar nuestros servicios. Esto puede incluir nombre, datos de contacto, preferencias y otra informaci\u00f3n que compartas con nosotros.<\/p>\n\n<p><strong>2. Finalidad del tratamiento de datos:<\/strong> Tus datos personales se tratan con fines espec\u00edficos, como realizar reservas, proporcionar informaci\u00f3n y mejorar nuestros servicios. No utilizaremos tus datos para otros fines sin tu consentimiento.<\/p>\n\n<p><strong>3. Seguridad de los datos:<\/strong> Tomamos las medidas adecuadas para proteger tus datos personales del acceso no autorizado, la p\u00e9rdida, la destrucci\u00f3n o el uso indebido. Tus datos se almacenan en servidores seguros y s\u00f3lo se utilizan para los fines para los que se facilitaron.<\/p>\n\n<p><strong>4. Intercambio de datos:<\/strong> No compartimos tus datos personales con terceros a menos que sea necesario para la prestaci\u00f3n de nuestros servicios o si estamos obligados a hacerlo por ley.<\/p>\n\n<p><strong>5. Cookies:<\/strong> Nuestro sitio web utiliza cookies para mejorar la experiencia del usuario. Puedes ajustar la configuraci\u00f3n de tu navegador para rechazar las cookies, pero esto puede afectar a la funcionalidad del sitio web.<\/p>\n\n<p><strong>6. Tus derechos:<\/strong> Tienes derecho a acceder, rectificar o suprimir tus datos personales. Ponte en contacto con nosotros si tienes alguna duda sobre el tratamiento de tus datos.<\/p>\n\n<p><strong>7. Contacto:<\/strong> [jouw contactgegevens] Si tienes alguna pregunta sobre esta declaraci\u00f3n de privacidad o sobre el tratamiento de tus datos personales, ponte en contacto con nosotros en .<\/p>\n\n<p>Esta declaraci\u00f3n de privacidad puede actualizarse para reflejar cambios en las leyes y normativas o en nuestros servicios. Consulta esta p\u00e1gina regularmente para obtener la informaci\u00f3n m\u00e1s reciente. \u00daltima actualizaci\u00f3n: 26 de noviembre de 2023.<\/p>\n","protected":false},"excerpt":{"rendered":"<p>Declaraci\u00f3n de privacidad Esta es la declaraci\u00f3n de privacidad de \u00abCosta Blanca Penthous\u00bb, situada en Padmosweg 174d, Wilnis. Esta declaraci\u00f3n se aplica a los servicios prestados por \u00abCosta Blanca Penthouse\u00bb. Nos comprometemos a proteger tu privacidad y tus datos personales. En esta declaraci\u00f3n, explicamos qu\u00e9 datos recogemos y c\u00f3mo los utilizamos. 1. Datos recogidos: S\u00f3lo [&hellip;]<\/p>\n","protected":false},"author":1,"featured_media":0,"parent":0,"menu_order":0,"comment_status":"closed","ping_status":"closed","template":"","meta":{"footnotes":""},"class_list":["post-1127","page","type-page","status-publish","hentry"],"yoast_head":"<!-- This site is optimized with the Yoast SEO plugin v27.5 - https:\/\/yoast.com\/product\/yoast-seo-wordpress\/ -->\n<title>Declaraci\u00f3n de privacidad - Costa Blanca Penthouse<\/title>\n<meta name=\"robots\" content=\"index, follow, max-snippet:-1, max-image-preview:large, max-video-preview:-1\" \/>\n<link rel=\"canonical\" href=\"https:\/\/costablanca-penthouse.com\/es\/declaracion-de-privacidad\/\" \/>\n<meta property=\"og:locale\" content=\"es_ES\" \/>\n<meta property=\"og:type\" content=\"article\" \/>\n<meta property=\"og:title\" content=\"Declaraci\u00f3n de privacidad - Costa Blanca Penthouse\" \/>\n<meta property=\"og:description\" content=\"Declaraci\u00f3n de privacidad Esta es la declaraci\u00f3n de privacidad de \u00abCosta Blanca Penthous\u00bb, situada en Padmosweg 174d, Wilnis. Esta declaraci\u00f3n se aplica a los servicios prestados por \u00abCosta Blanca Penthouse\u00bb. Nos comprometemos a proteger tu privacidad y tus datos personales. En esta declaraci\u00f3n, explicamos qu\u00e9 datos recogemos y c\u00f3mo los utilizamos. 1. Datos recogidos: S\u00f3lo [&hellip;]\" \/>\n<meta property=\"og:url\" content=\"https:\/\/costablanca-penthouse.com\/es\/declaracion-de-privacidad\/\" \/>\n<meta property=\"og:site_name\" content=\"Costa Blanca Penthouse\" \/>\n<meta property=\"article:modified_time\" content=\"2024-05-30T19:08:49+00:00\" \/>\n<meta name=\"twitter:card\" content=\"summary_large_image\" \/>\n<meta name=\"twitter:label1\" content=\"Tiempo de lectura\" \/>\n\t<meta name=\"twitter:data1\" content=\"2 minutos\" \/>\n<script type=\"application\/ld+json\" class=\"yoast-schema-graph\">{\"@context\":\"https:\\\/\\\/schema.org\",\"@graph\":[{\"@type\":\"WebPage\",\"@id\":\"https:\\\/\\\/costablanca-penthouse.com\\\/es\\\/declaracion-de-privacidad\\\/\",\"url\":\"https:\\\/\\\/costablanca-penthouse.com\\\/es\\\/declaracion-de-privacidad\\\/\",\"name\":\"Declaraci\u00f3n de privacidad - Costa Blanca Penthouse\",\"isPartOf\":{\"@id\":\"https:\\\/\\\/costablanca-penthouse.com\\\/es\\\/#website\"},\"datePublished\":\"2023-11-26T21:19:41+00:00\",\"dateModified\":\"2024-05-30T19:08:49+00:00\",\"breadcrumb\":{\"@id\":\"https:\\\/\\\/costablanca-penthouse.com\\\/es\\\/declaracion-de-privacidad\\\/#breadcrumb\"},\"inLanguage\":\"es\",\"potentialAction\":[{\"@type\":\"ReadAction\",\"target\":[\"https:\\\/\\\/costablanca-penthouse.com\\\/es\\\/declaracion-de-privacidad\\\/\"]}]},{\"@type\":\"BreadcrumbList\",\"@id\":\"https:\\\/\\\/costablanca-penthouse.com\\\/es\\\/declaracion-de-privacidad\\\/#breadcrumb\",\"itemListElement\":[{\"@type\":\"ListItem\",\"position\":1,\"name\":\"Home\",\"item\":\"https:\\\/\\\/costablanca-penthouse.com\\\/es\\\/\"},{\"@type\":\"ListItem\",\"position\":2,\"name\":\"Declaraci\u00f3n de privacidad\"}]},{\"@type\":\"WebSite\",\"@id\":\"https:\\\/\\\/costablanca-penthouse.com\\\/es\\\/#website\",\"url\":\"https:\\\/\\\/costablanca-penthouse.com\\\/es\\\/\",\"name\":\"Costa Blanca Penthouse\",\"description\":\"la vida de lujo junto a las salinas\",\"publisher\":{\"@id\":\"https:\\\/\\\/costablanca-penthouse.com\\\/es\\\/#organization\"},\"potentialAction\":[{\"@type\":\"SearchAction\",\"target\":{\"@type\":\"EntryPoint\",\"urlTemplate\":\"https:\\\/\\\/costablanca-penthouse.com\\\/es\\\/?s={search_term_string}\"},\"query-input\":{\"@type\":\"PropertyValueSpecification\",\"valueRequired\":true,\"valueName\":\"search_term_string\"}}],\"inLanguage\":\"es\"},{\"@type\":\"Organization\",\"@id\":\"https:\\\/\\\/costablanca-penthouse.com\\\/es\\\/#organization\",\"name\":\"Costa Blanca Penthouse\",\"url\":\"https:\\\/\\\/costablanca-penthouse.com\\\/es\\\/\",\"logo\":{\"@type\":\"ImageObject\",\"inLanguage\":\"es\",\"@id\":\"https:\\\/\\\/costablanca-penthouse.com\\\/es\\\/#\\\/schema\\\/logo\\\/image\\\/\",\"url\":\"https:\\\/\\\/costablanca-penthouse.com\\\/wp-content\\\/uploads\\\/2023\\\/11\\\/costablanca-penthouse-logo.png\",\"contentUrl\":\"https:\\\/\\\/costablanca-penthouse.com\\\/wp-content\\\/uploads\\\/2023\\\/11\\\/costablanca-penthouse-logo.png\",\"width\":500,\"height\":103,\"caption\":\"Costa Blanca Penthouse\"},\"image\":{\"@id\":\"https:\\\/\\\/costablanca-penthouse.com\\\/es\\\/#\\\/schema\\\/logo\\\/image\\\/\"}}]}<\/script>\n<!-- \/ Yoast SEO plugin. -->","yoast_head_json":{"title":"Declaraci\u00f3n de privacidad - Costa Blanca Penthouse","robots":{"index":"index","follow":"follow","max-snippet":"max-snippet:-1","max-image-preview":"max-image-preview:large","max-video-preview":"max-video-preview:-1"},"canonical":"https:\/\/costablanca-penthouse.com\/es\/declaracion-de-privacidad\/","og_locale":"es_ES","og_type":"article","og_title":"Declaraci\u00f3n de privacidad - Costa Blanca Penthouse","og_description":"Declaraci\u00f3n de privacidad Esta es la declaraci\u00f3n de privacidad de \u00abCosta Blanca Penthous\u00bb, situada en Padmosweg 174d, Wilnis. Esta declaraci\u00f3n se aplica a los servicios prestados por \u00abCosta Blanca Penthouse\u00bb. Nos comprometemos a proteger tu privacidad y tus datos personales. En esta declaraci\u00f3n, explicamos qu\u00e9 datos recogemos y c\u00f3mo los utilizamos. 1. Datos recogidos: S\u00f3lo [&hellip;]","og_url":"https:\/\/costablanca-penthouse.com\/es\/declaracion-de-privacidad\/","og_site_name":"Costa Blanca Penthouse","article_modified_time":"2024-05-30T19:08:49+00:00","twitter_card":"summary_large_image","twitter_misc":{"Tiempo de lectura":"2 minutos"},"schema":{"@context":"https:\/\/schema.org","@graph":[{"@type":"WebPage","@id":"https:\/\/costablanca-penthouse.com\/es\/declaracion-de-privacidad\/","url":"https:\/\/costablanca-penthouse.com\/es\/declaracion-de-privacidad\/","name":"Declaraci\u00f3n de privacidad - Costa Blanca Penthouse","isPartOf":{"@id":"https:\/\/costablanca-penthouse.com\/es\/#website"},"datePublished":"2023-11-26T21:19:41+00:00","dateModified":"2024-05-30T19:08:49+00:00","breadcrumb":{"@id":"https:\/\/costablanca-penthouse.com\/es\/declaracion-de-privacidad\/#breadcrumb"},"inLanguage":"es","potentialAction":[{"@type":"ReadAction","target":["https:\/\/costablanca-penthouse.com\/es\/declaracion-de-privacidad\/"]}]},{"@type":"BreadcrumbList","@id":"https:\/\/costablanca-penthouse.com\/es\/declaracion-de-privacidad\/#breadcrumb","itemListElement":[{"@type":"ListItem","position":1,"name":"Home","item":"https:\/\/costablanca-penthouse.com\/es\/"},{"@type":"ListItem","position":2,"name":"Declaraci\u00f3n de privacidad"}]},{"@type":"WebSite","@id":"https:\/\/costablanca-penthouse.com\/es\/#website","url":"https:\/\/costablanca-penthouse.com\/es\/","name":"Costa Blanca Penthouse","description":"la vida de lujo junto a las salinas","publisher":{"@id":"https:\/\/costablanca-penthouse.com\/es\/#organization"},"potentialAction":[{"@type":"SearchAction","target":{"@type":"EntryPoint","urlTemplate":"https:\/\/costablanca-penthouse.com\/es\/?s={search_term_string}"},"query-input":{"@type":"PropertyValueSpecification","valueRequired":true,"valueName":"search_term_string"}}],"inLanguage":"es"},{"@type":"Organization","@id":"https:\/\/costablanca-penthouse.com\/es\/#organization","name":"Costa Blanca Penthouse","url":"https:\/\/costablanca-penthouse.com\/es\/","logo":{"@type":"ImageObject","inLanguage":"es","@id":"https:\/\/costablanca-penthouse.com\/es\/#\/schema\/logo\/image\/","url":"https:\/\/costablanca-penthouse.com\/wp-content\/uploads\/2023\/11\/costablanca-penthouse-logo.png","contentUrl":"https:\/\/costablanca-penthouse.com\/wp-content\/uploads\/2023\/11\/costablanca-penthouse-logo.png","width":500,"height":103,"caption":"Costa Blanca Penthouse"},"image":{"@id":"https:\/\/costablanca-penthouse.com\/es\/#\/schema\/logo\/image\/"}}]}},"_links":{"self":[{"href":"https:\/\/costablanca-penthouse.com\/es\/wp-json\/wp\/v2\/pages\/1127","targetHints":{"allow":["GET"]}}],"collection":[{"href":"https:\/\/costablanca-penthouse.com\/es\/wp-json\/wp\/v2\/pages"}],"about":[{"href":"https:\/\/costablanca-penthouse.com\/es\/wp-json\/wp\/v2\/types\/page"}],"author":[{"embeddable":true,"href":"https:\/\/costablanca-penthouse.com\/es\/wp-json\/wp\/v2\/users\/1"}],"replies":[{"embeddable":true,"href":"https:\/\/costablanca-penthouse.com\/es\/wp-json\/wp\/v2\/comments?post=1127"}],"version-history":[{"count":3,"href":"https:\/\/costablanca-penthouse.com\/es\/wp-json\/wp\/v2\/pages\/1127\/revisions"}],"predecessor-version":[{"id":1163,"href":"https:\/\/costablanca-penthouse.com\/es\/wp-json\/wp\/v2\/pages\/1127\/revisions\/1163"}],"wp:attachment":[{"href":"https:\/\/costablanca-penthouse.com\/es\/wp-json\/wp\/v2\/media?parent=1127"}],"curies":[{"name":"wp","href":"https:\/\/api.w.org\/{rel}","templated":true}]}}